{"id":3120,"date":"2023-12-19T08:14:48","date_gmt":"2023-12-19T08:14:48","guid":{"rendered":"https:\/\/staging.moonspring.ch\/?page_id=3120"},"modified":"2024-08-30T12:52:43","modified_gmt":"2024-08-30T11:52:43","slug":"impressum","status":"publish","type":"page","link":"https:\/\/staging.planetmoonspring.com\/fr\/impressum\/","title":{"rendered":"Mentions l\u00e9gales"},"content":{"rendered":"<div data-elementor-type=\"wp-page\" data-elementor-id=\"3120\" class=\"elementor elementor-3120\" data-elementor-post-type=\"page\">\n\t\t\t\t<div class=\"elementor-element elementor-element-dcdc6e7 e-flex e-con-boxed e-con e-parent\" data-id=\"dcdc6e7\" data-element_type=\"container\">\n\t\t\t\t\t<div class=\"e-con-inner\">\n\t\t\t\t<div class=\"elementor-element elementor-element-3b18bb5 elementor-widget elementor-widget-heading\" data-id=\"3b18bb5\" data-element_type=\"widget\" data-widget_type=\"heading.default\">\n\t\t\t\t<div class=\"elementor-widget-container\">\n\t\t\t<h1 class=\"elementor-heading-title elementor-size-default\">IMPRESSUM<\/h1>\t\t<\/div>\n\t\t\t\t<\/div>\n\t\t<div class=\"elementor-element elementor-element-c678c8f e-con-full e-flex e-con e-child\" data-id=\"c678c8f\" data-element_type=\"container\">\n\t\t\t\t<div class=\"elementor-element elementor-element-964aa2d elementor-widget elementor-widget-text-editor\" data-id=\"964aa2d\" data-element_type=\"widget\" data-widget_type=\"text-editor.default\">\n\t\t\t\t<div class=\"elementor-widget-container\">\n\t\t\t\t\t\t\t<p>Nous sommes heureux que vous ayez d\u00e9cid\u00e9 de visiter notre site web et vous informons par la pr\u00e9sente de certaines questions juridiques. Tout d'abord, nous tenons \u00e0 vous informer que l'acc\u00e8s et l'utilisation de ce site web sont soumis aux conditions suivantes et que vous les acceptez en acc\u00e9dant et en naviguant sur le site web, sans limitation ni r\u00e9serve et sans faire valoir de dispositions contraires dans d'autres accords entre vous et Trivamarca SARL en la mati\u00e8re. Nous vous prions donc de ne pas utiliser ce site web si vous n'\u00eates pas d'accord avec ces conditions.<\/p><p>\u00a0<\/p><p><b>Adresse et responsabilit\u00e9 pour le contenu r\u00e9dactionnel et les offres sur ce site web :<\/b><\/p><p>\u00a0<\/p><p>Trivamarca GmbH, Restelbergstrasse 49, CH-8044 Zurich,<\/p><p>41 (0)58 900 75 75, info@trivamarca.com<\/p><p>\u00a0<\/p><p><b>Informations sur les marques et les copyrights :<\/b><\/p><p>\u00a0<\/p><p>Moonspring\u00ae est une marque d\u00e9pos\u00e9e de Trivarga AG et est prot\u00e9g\u00e9e par les droits d'auteur.<br \/>POSITIVELY EGOISTIC\u00ae est une marque d\u00e9pos\u00e9e de Trivarga AG et est prot\u00e9g\u00e9e par les droits d'auteur.<\/p><p>\u00a0<\/p><p>2021 Trivamarca GmbH, 8044 Zurich, Suisse. Tous droits r\u00e9serv\u00e9s, y compris, notamment, les droits de marque de tiers. En outre, tous les produits distribu\u00e9s par Trivamarca GmbH ou fabriqu\u00e9s pour le compte d'un tiers sont soumis aux droits de marque internationaux respectifs de leurs propri\u00e9taires. Pour des informations d\u00e9taill\u00e9es \u00e0 ce sujet, veuillez vous adresser \u00e0 Trivamarca GmbH, Marques et droits d'auteur, Restelbergstrasse 49, CH-8044 Zurich. Trivamarca ne donne aucune garantie et n'assume aucune responsabilit\u00e9 quant \u00e0 la non-violation des droits de tiers par le mat\u00e9riel pr\u00e9sent\u00e9 sur le site.<\/p>\t\t\t\t\t\t<\/div>\n\t\t\t\t<\/div>\n\t\t\t\t<\/div>\n\t\t\t\t\t<\/div>\n\t\t\t\t<\/div>\n\t\t\t\t<\/div>","protected":false},"excerpt":{"rendered":"<p>IMPRESSUM Wir freuen uns, dass Sie sich f\u00fcr den Besuch unserer Website entschieden haben und informieren Sie hiermit \u00fcber einzelne Rechtsfragen. Zun\u00e4chst m\u00f6chten wir Sie darauf hinweisen, dass der Zugriff auf und die Nutzung dieser Website den folgenden Bedingungen unterliegt und Sie diese durch den Zugriff und das Browsen auf der Website ohne Einschr\u00e4nkung oder [&hellip;]<\/p>","protected":false},"author":1,"featured_media":6425,"parent":0,"menu_order":0,"comment_status":"closed","ping_status":"closed","template":"","meta":{"footnotes":""},"class_list":["post-3120","page","type-page","status-publish","has-post-thumbnail","hentry"],"aioseo_notices":[],"_links":{"self":[{"href":"https:\/\/staging.planetmoonspring.com\/fr\/wp-json\/wp\/v2\/pages\/3120"}],"collection":[{"href":"https:\/\/staging.planetmoonspring.com\/fr\/wp-json\/wp\/v2\/pages"}],"about":[{"href":"https:\/\/staging.planetmoonspring.com\/fr\/wp-json\/wp\/v2\/types\/page"}],"author":[{"embeddable":true,"href":"https:\/\/staging.planetmoonspring.com\/fr\/wp-json\/wp\/v2\/users\/1"}],"replies":[{"embeddable":true,"href":"https:\/\/staging.planetmoonspring.com\/fr\/wp-json\/wp\/v2\/comments?post=3120"}],"version-history":[{"count":24,"href":"https:\/\/staging.planetmoonspring.com\/fr\/wp-json\/wp\/v2\/pages\/3120\/revisions"}],"predecessor-version":[{"id":5111,"href":"https:\/\/staging.planetmoonspring.com\/fr\/wp-json\/wp\/v2\/pages\/3120\/revisions\/5111"}],"wp:featuredmedia":[{"embeddable":true,"href":"https:\/\/staging.planetmoonspring.com\/fr\/wp-json\/wp\/v2\/media\/6425"}],"wp:attachment":[{"href":"https:\/\/staging.planetmoonspring.com\/fr\/wp-json\/wp\/v2\/media?parent=3120"}],"curies":[{"name":"wp","href":"https:\/\/api.w.org\/{rel}","templated":true}]}}