{"id":1851,"date":"2023-12-13T14:05:21","date_gmt":"2023-12-13T14:05:21","guid":{"rendered":"https:\/\/staging.moonspring.ch\/?page_id=1851"},"modified":"2024-08-30T13:08:39","modified_gmt":"2024-08-30T12:08:39","slug":"shop","status":"publish","type":"page","link":"https:\/\/staging.planetmoonspring.com\/fr\/shop\/","title":{"rendered":"Get it here"},"content":{"rendered":"<div data-elementor-type=\"wp-page\" data-elementor-id=\"1851\" class=\"elementor elementor-1851\" data-elementor-post-type=\"page\">\n\t\t\t\t<div class=\"elementor-element elementor-element-dcdc6e7 e-flex e-con-boxed e-con e-parent\" data-id=\"dcdc6e7\" data-element_type=\"container\">\n\t\t\t\t\t<div class=\"e-con-inner\">\n\t\t\t\t<div class=\"elementor-element elementor-element-5bc1df8 elementor-widget elementor-widget-heading\" data-id=\"5bc1df8\" data-element_type=\"widget\" data-widget_type=\"heading.default\">\n\t\t\t\t<div class=\"elementor-widget-container\">\n\t\t\t<h1 class=\"elementor-heading-title elementor-size-default\">GET IT HERE<\/h1>\t\t<\/div>\n\t\t\t\t<\/div>\n\t\t\t\t<div class=\"elementor-element elementor-element-c734ea2 e-n-tabs-none elementor-widget elementor-widget-n-tabs\" data-id=\"c734ea2\" data-element_type=\"widget\" data-settings=\"{&quot;tabs_justify_horizontal&quot;:&quot;center&quot;,&quot;horizontal_scroll&quot;:&quot;disable&quot;}\" data-widget_type=\"nested-tabs.default\">\n\t\t\t\t<div class=\"elementor-widget-container\">\n\t\t\t\t\t<div class=\"e-n-tabs\" data-widget-number=\"208883362\" aria-label=\"Onglets. Ouvrez des \u00e9l\u00e9ments avec Entrer ou Espace, fermez-les avec Echape et naviguez \u00e0 l&#039;aide des touches fl\u00e9ch\u00e9es.\">\n\t\t\t<div class=\"e-n-tabs-heading\" role=\"tablist\">\n\t\t\t\t\t<button id=\"e-n-tab-title-2088833621\" class=\"e-n-tab-title\" aria-selected=\"true\" data-tab-index=\"1\" role=\"tab\" tabindex=\"0\" aria-controls=\"e-n-tab-content-2088833621\" style=\"--n-tabs-title-order: 1;\">\n\t\t\t\t\t\t<span class=\"e-n-tab-title-text\">\n\t\t\t\tACHETEZ EN LIGNE\t\t\t<\/span>\n\t\t<\/button>\n\t\t\t\t<button id=\"e-n-tab-title-2088833622\" class=\"e-n-tab-title\" aria-selected=\"false\" data-tab-index=\"2\" role=\"tab\" tabindex=\"-1\" aria-controls=\"e-n-tab-content-2088833622\" style=\"--n-tabs-title-order: 2;\">\n\t\t\t\t\t\t<span class=\"e-n-tab-title-text\">\n\t\t\t\tWHERE TO BUY\t\t\t<\/span>\n\t\t<\/button>\n\t\t\t\t\t<\/div>\n\t\t\t<div class=\"e-n-tabs-content\">\n\t\t\t\t<div id=\"e-n-tab-content-2088833621\" role=\"tabpanel\" aria-labelledby=\"e-n-tab-title-2088833621\" data-tab-index=\"1\" style=\"--n-tabs-title-order: 1;\" class=\"e-active elementor-element elementor-element-d7f1e0b e-flex e-con-boxed e-con e-child\" data-id=\"d7f1e0b\" data-element_type=\"container\">\n\t\t\t\t\t<div class=\"e-con-inner\">\n\t\t<div class=\"elementor-element elementor-element-e6e4edf e-flex e-con-boxed e-con e-child\" data-id=\"e6e4edf\" data-element_type=\"container\">\n\t\t\t\t\t<div class=\"e-con-inner\">\n\t\t\t\t<div class=\"elementor-element elementor-element-8130377 elementor-widget elementor-widget-image\" data-id=\"8130377\" data-element_type=\"widget\" data-widget_type=\"image.default\">\n\t\t\t\t<div class=\"elementor-widget-container\">\n\t\t\t\t\t\t\t\t\t\t\t\t\t\t<a href=\"https:\/\/www.galaxus.ch\/de\/search?q=moonspring\" target=\"_blank\">\n\t\t\t\t\t\t\t<img fetchpriority=\"high\" decoding=\"async\" width=\"575\" height=\"226\" src=\"https:\/\/staging.planetmoonspring.com\/wp-content\/uploads\/2024\/01\/Galaxus.png\" class=\"elementor-animation-pop attachment-large size-large wp-image-5535\" alt=\"\" srcset=\"https:\/\/staging.planetmoonspring.com\/wp-content\/uploads\/2024\/01\/Galaxus.png 575w, https:\/\/staging.planetmoonspring.com\/wp-content\/uploads\/2024\/01\/Galaxus-300x118.png 300w\" sizes=\"(max-width: 575px) 100vw, 575px\" \/>\t\t\t\t\t\t\t\t<\/a>\n\t\t\t\t\t\t\t\t\t\t\t\t\t<\/div>\n\t\t\t\t<\/div>\n\t\t\t\t\t<\/div>\n\t\t\t\t<\/div>\n\t\t<div class=\"elementor-element elementor-element-e7b19d7 e-flex e-con-boxed e-con e-child\" data-id=\"e7b19d7\" data-element_type=\"container\">\n\t\t\t\t\t<div class=\"e-con-inner\">\n\t\t\t\t<div class=\"elementor-element elementor-element-2e2570d elementor-widget elementor-widget-image\" data-id=\"2e2570d\" data-element_type=\"widget\" data-widget_type=\"image.default\">\n\t\t\t\t<div class=\"elementor-widget-container\">\n\t\t\t\t\t\t\t\t\t\t\t\t\t\t<a href=\"https:\/\/kanela.ch\/de\/wasser-mit-geschmack?marken=moonspring\" target=\"_blank\">\n\t\t\t\t\t\t\t<img decoding=\"async\" width=\"575\" height=\"226\" src=\"https:\/\/staging.planetmoonspring.com\/wp-content\/uploads\/2024\/01\/Kanela-1.png\" class=\"elementor-animation-pop attachment-large size-large wp-image-5564\" alt=\"\" srcset=\"https:\/\/staging.planetmoonspring.com\/wp-content\/uploads\/2024\/01\/Kanela-1.png 575w, https:\/\/staging.planetmoonspring.com\/wp-content\/uploads\/2024\/01\/Kanela-1-300x118.png 300w\" sizes=\"(max-width: 575px) 100vw, 575px\" \/>\t\t\t\t\t\t\t\t<\/a>\n\t\t\t\t\t\t\t\t\t\t\t\t\t<\/div>\n\t\t\t\t<\/div>\n\t\t\t\t\t<\/div>\n\t\t\t\t<\/div>\n\t\t<div class=\"elementor-element elementor-element-369a366 e-flex e-con-boxed e-con e-child\" data-id=\"369a366\" data-element_type=\"container\">\n\t\t\t\t\t<div class=\"e-con-inner\">\n\t\t\t\t<div class=\"elementor-element elementor-element-343d655 elementor-widget elementor-widget-image\" data-id=\"343d655\" data-element_type=\"widget\" data-widget_type=\"image.default\">\n\t\t\t\t<div class=\"elementor-widget-container\">\n\t\t\t\t\t\t\t\t\t\t\t\t\t\t<a href=\"https:\/\/www.triva.shop\/collections\/moonspring\" target=\"_blank\">\n\t\t\t\t\t\t\t<img decoding=\"async\" width=\"575\" height=\"226\" src=\"https:\/\/staging.planetmoonspring.com\/wp-content\/uploads\/2023\/12\/Trivashop.jpg\" class=\"elementor-animation-pop attachment-large size-large wp-image-3621\" alt=\"\" srcset=\"https:\/\/staging.planetmoonspring.com\/wp-content\/uploads\/2023\/12\/Trivashop.jpg 575w, https:\/\/staging.planetmoonspring.com\/wp-content\/uploads\/2023\/12\/Trivashop-300x118.jpg 300w\" sizes=\"(max-width: 575px) 100vw, 575px\" \/>\t\t\t\t\t\t\t\t<\/a>\n\t\t\t\t\t\t\t\t\t\t\t\t\t<\/div>\n\t\t\t\t<\/div>\n\t\t\t\t\t<\/div>\n\t\t\t\t<\/div>\n\t\t\t\t\t<\/div>\n\t\t\t\t<\/div>\n\t\t<div id=\"e-n-tab-content-2088833622\" role=\"tabpanel\" aria-labelledby=\"e-n-tab-title-2088833622\" data-tab-index=\"2\" style=\"--n-tabs-title-order: 2;\" class=\"elementor-element elementor-element-c51577d e-flex e-con-boxed e-con e-child\" data-id=\"c51577d\" data-element_type=\"container\">\n\t\t\t\t\t<div class=\"e-con-inner\">\n\t\t<div class=\"elementor-element elementor-element-b10b6ac e-flex e-con-boxed e-con e-child\" data-id=\"b10b6ac\" data-element_type=\"container\">\n\t\t\t\t\t<div class=\"e-con-inner\">\n\t\t\t\t<div class=\"elementor-element elementor-element-bae5962 elementor-widget elementor-widget-text-editor\" data-id=\"bae5962\" data-element_type=\"widget\" data-widget_type=\"text-editor.default\">\n\t\t\t\t<div class=\"elementor-widget-container\">\n\t\t\t\t\t\t\t<p>Click on it to find a store near you<\/p>\t\t\t\t\t\t<\/div>\n\t\t\t\t<\/div>\n\t\t\t\t\t<\/div>\n\t\t\t\t<\/div>\n\t\t<div class=\"elementor-element elementor-element-3d73ef0 e-con-full e-flex e-con e-child\" data-id=\"3d73ef0\" data-element_type=\"container\">\n\t\t<div class=\"elementor-element elementor-element-ec9e312 e-con-full e-flex e-con e-child\" data-id=\"ec9e312\" data-element_type=\"container\">\n\t\t\t\t<div class=\"elementor-element elementor-element-b455e2d elementor-widget elementor-widget-image\" data-id=\"b455e2d\" data-element_type=\"widget\" data-widget_type=\"image.default\">\n\t\t\t\t<div class=\"elementor-widget-container\">\n\t\t\t\t\t\t\t\t\t\t\t\t\t\t<a href=\"https:\/\/www.google.com\/maps\/search\/kiosk\/@47.3859447,8.521664,14z\/data=!3m1!4b1?entry=ttu\" target=\"_blank\">\n\t\t\t\t\t\t\t<img loading=\"lazy\" decoding=\"async\" width=\"575\" height=\"226\" src=\"https:\/\/staging.planetmoonspring.com\/wp-content\/uploads\/2023\/12\/Kiosk.jpg\" class=\"elementor-animation-pop attachment-large size-large wp-image-3622\" alt=\"\" srcset=\"https:\/\/staging.planetmoonspring.com\/wp-content\/uploads\/2023\/12\/Kiosk.jpg 575w, https:\/\/staging.planetmoonspring.com\/wp-content\/uploads\/2023\/12\/Kiosk-300x118.jpg 300w\" sizes=\"(max-width: 575px) 100vw, 575px\" \/>\t\t\t\t\t\t\t\t<\/a>\n\t\t\t\t\t\t\t\t\t\t\t\t\t<\/div>\n\t\t\t\t<\/div>\n\t\t\t\t<div class=\"elementor-element elementor-element-433abb5 elementor-widget elementor-widget-image\" data-id=\"433abb5\" data-element_type=\"widget\" data-widget_type=\"image.default\">\n\t\t\t\t<div class=\"elementor-widget-container\">\n\t\t\t\t\t\t\t\t\t\t\t\t\t\t<a href=\"https:\/\/www.google.com\/maps\/search\/avec\/@47.4155752,8.4163976,10z\/data=!3m1!4b1?entry=ttu\" target=\"_blank\">\n\t\t\t\t\t\t\t<img loading=\"lazy\" decoding=\"async\" width=\"575\" height=\"226\" src=\"https:\/\/staging.planetmoonspring.com\/wp-content\/uploads\/2023\/12\/Avec.jpg\" class=\"elementor-animation-pop attachment-large size-large wp-image-3623\" alt=\"\" srcset=\"https:\/\/staging.planetmoonspring.com\/wp-content\/uploads\/2023\/12\/Avec.jpg 575w, https:\/\/staging.planetmoonspring.com\/wp-content\/uploads\/2023\/12\/Avec-300x118.jpg 300w\" sizes=\"(max-width: 575px) 100vw, 575px\" \/>\t\t\t\t\t\t\t\t<\/a>\n\t\t\t\t\t\t\t\t\t\t\t\t\t<\/div>\n\t\t\t\t<\/div>\n\t\t\t\t<\/div>\n\t\t<div class=\"elementor-element elementor-element-facee57 e-con-full e-flex e-con e-child\" data-id=\"facee57\" data-element_type=\"container\">\n\t\t\t\t<div class=\"elementor-element elementor-element-536c034 elementor-widget elementor-widget-image\" data-id=\"536c034\" data-element_type=\"widget\" data-widget_type=\"image.default\">\n\t\t\t\t<div class=\"elementor-widget-container\">\n\t\t\t\t\t\t\t\t\t\t\t\t\t\t<a href=\"https:\/\/www.google.com\/maps\/search\/m\u00fcller+drogeriemarkt\/@47.3860586,8.4598636,12z\/data=!3m1!4b1?entry=ttu\" target=\"_blank\">\n\t\t\t\t\t\t\t<img loading=\"lazy\" decoding=\"async\" width=\"575\" height=\"226\" src=\"https:\/\/staging.planetmoonspring.com\/wp-content\/uploads\/2023\/12\/Mueller.jpg\" class=\"elementor-animation-pop attachment-large size-large wp-image-3626\" alt=\"\" srcset=\"https:\/\/staging.planetmoonspring.com\/wp-content\/uploads\/2023\/12\/Mueller.jpg 575w, https:\/\/staging.planetmoonspring.com\/wp-content\/uploads\/2023\/12\/Mueller-300x118.jpg 300w\" sizes=\"(max-width: 575px) 100vw, 575px\" \/>\t\t\t\t\t\t\t\t<\/a>\n\t\t\t\t\t\t\t\t\t\t\t\t\t<\/div>\n\t\t\t\t<\/div>\n\t\t\t\t<div class=\"elementor-element elementor-element-72541b2 elementor-widget elementor-widget-image\" data-id=\"72541b2\" data-element_type=\"widget\" data-widget_type=\"image.default\">\n\t\t\t\t<div class=\"elementor-widget-container\">\n\t\t\t\t\t\t\t\t\t\t\t\t\t\t<a href=\"https:\/\/www.google.com\/maps\/search\/top+cc\/@47.3758489,8.4091797,11z\/data=!3m1!4b1?entry=ttu\" target=\"_blank\">\n\t\t\t\t\t\t\t<img loading=\"lazy\" decoding=\"async\" width=\"575\" height=\"226\" src=\"https:\/\/staging.planetmoonspring.com\/wp-content\/uploads\/2023\/12\/TopCC.jpg\" class=\"elementor-animation-pop attachment-large size-large wp-image-3631\" alt=\"\" srcset=\"https:\/\/staging.planetmoonspring.com\/wp-content\/uploads\/2023\/12\/TopCC.jpg 575w, https:\/\/staging.planetmoonspring.com\/wp-content\/uploads\/2023\/12\/TopCC-300x118.jpg 300w\" sizes=\"(max-width: 575px) 100vw, 575px\" \/>\t\t\t\t\t\t\t\t<\/a>\n\t\t\t\t\t\t\t\t\t\t\t\t\t<\/div>\n\t\t\t\t<\/div>\n\t\t\t\t<\/div>\n\t\t<div class=\"elementor-element elementor-element-8c895f0 e-con-full e-flex e-con e-child\" data-id=\"8c895f0\" data-element_type=\"container\">\n\t\t\t\t<div class=\"elementor-element elementor-element-b2255c7 elementor-widget elementor-widget-image\" data-id=\"b2255c7\" data-element_type=\"widget\" data-widget_type=\"image.default\">\n\t\t\t\t<div class=\"elementor-widget-container\">\n\t\t\t\t\t\t\t\t\t\t\t\t\t\t<a href=\"https:\/\/www.google.de\/maps\/search\/spar\/@47.3770802,8.4557699,12z\/data=!3m1!4b1?entry=ttu\" target=\"_blank\">\n\t\t\t\t\t\t\t<img loading=\"lazy\" decoding=\"async\" width=\"575\" height=\"226\" src=\"https:\/\/staging.planetmoonspring.com\/wp-content\/uploads\/2023\/12\/Spar.jpg\" class=\"elementor-animation-pop attachment-large size-large wp-image-3625\" alt=\"\" srcset=\"https:\/\/staging.planetmoonspring.com\/wp-content\/uploads\/2023\/12\/Spar.jpg 575w, https:\/\/staging.planetmoonspring.com\/wp-content\/uploads\/2023\/12\/Spar-300x118.jpg 300w\" sizes=\"(max-width: 575px) 100vw, 575px\" \/>\t\t\t\t\t\t\t\t<\/a>\n\t\t\t\t\t\t\t\t\t\t\t\t\t<\/div>\n\t\t\t\t<\/div>\n\t\t\t\t<div class=\"elementor-element elementor-element-1d13128 elementor-widget elementor-widget-image\" data-id=\"1d13128\" data-element_type=\"widget\" data-widget_type=\"image.default\">\n\t\t\t\t<div class=\"elementor-widget-container\">\n\t\t\t\t\t\t\t\t\t\t\t\t\t\t<a href=\"https:\/\/www.google.de\/maps\/search\/sch\u00fctzengarten+bier\/@47.579129,9.0282559,9.76z?entry=ttu\" target=\"_blank\">\n\t\t\t\t\t\t\t<img loading=\"lazy\" decoding=\"async\" width=\"575\" height=\"226\" src=\"https:\/\/staging.planetmoonspring.com\/wp-content\/uploads\/2023\/12\/Schuetzengarten.jpg\" class=\"elementor-animation-pop attachment-large size-large wp-image-3628\" alt=\"\" srcset=\"https:\/\/staging.planetmoonspring.com\/wp-content\/uploads\/2023\/12\/Schuetzengarten.jpg 575w, https:\/\/staging.planetmoonspring.com\/wp-content\/uploads\/2023\/12\/Schuetzengarten-300x118.jpg 300w\" sizes=\"(max-width: 575px) 100vw, 575px\" \/>\t\t\t\t\t\t\t\t<\/a>\n\t\t\t\t\t\t\t\t\t\t\t\t\t<\/div>\n\t\t\t\t<\/div>\n\t\t\t\t<\/div>\n\t\t\t\t<\/div>\n\t\t\t\t\t<\/div>\n\t\t\t\t<\/div>\n\t\t\t\t\t<\/div>\n\t\t<\/div>\n\t\t\t\t<\/div>\n\t\t\t\t<\/div>\n\t\t\t\t\t<\/div>\n\t\t\t\t<\/div>\n\t\t\t\t<\/div>","protected":false},"excerpt":{"rendered":"<p>GET IT HERE Click on it to find a store near you Click on it to find a store near you<\/p>","protected":false},"author":1,"featured_media":6425,"parent":0,"menu_order":0,"comment_status":"closed","ping_status":"closed","template":"","meta":{"footnotes":""},"class_list":["post-1851","page","type-page","status-publish","has-post-thumbnail","hentry"],"aioseo_notices":[],"_links":{"self":[{"href":"https:\/\/staging.planetmoonspring.com\/fr\/wp-json\/wp\/v2\/pages\/1851"}],"collection":[{"href":"https:\/\/staging.planetmoonspring.com\/fr\/wp-json\/wp\/v2\/pages"}],"about":[{"href":"https:\/\/staging.planetmoonspring.com\/fr\/wp-json\/wp\/v2\/types\/page"}],"author":[{"embeddable":true,"href":"https:\/\/staging.planetmoonspring.com\/fr\/wp-json\/wp\/v2\/users\/1"}],"replies":[{"embeddable":true,"href":"https:\/\/staging.planetmoonspring.com\/fr\/wp-json\/wp\/v2\/comments?post=1851"}],"version-history":[{"count":355,"href":"https:\/\/staging.planetmoonspring.com\/fr\/wp-json\/wp\/v2\/pages\/1851\/revisions"}],"predecessor-version":[{"id":6709,"href":"https:\/\/staging.planetmoonspring.com\/fr\/wp-json\/wp\/v2\/pages\/1851\/revisions\/6709"}],"wp:featuredmedia":[{"embeddable":true,"href":"https:\/\/staging.planetmoonspring.com\/fr\/wp-json\/wp\/v2\/media\/6425"}],"wp:attachment":[{"href":"https:\/\/staging.planetmoonspring.com\/fr\/wp-json\/wp\/v2\/media?parent=1851"}],"curies":[{"name":"wp","href":"https:\/\/api.w.org\/{rel}","templated":true}]}}