{"id":3120,"date":"2023-12-19T08:14:48","date_gmt":"2023-12-19T08:14:48","guid":{"rendered":"https:\/\/staging.moonspring.ch\/?page_id=3120"},"modified":"2024-08-30T12:52:43","modified_gmt":"2024-08-30T11:52:43","slug":"impressum","status":"publish","type":"page","link":"https:\/\/staging.planetmoonspring.com\/en\/impressum\/","title":{"rendered":"Imprint"},"content":{"rendered":"<div data-elementor-type=\"wp-page\" data-elementor-id=\"3120\" class=\"elementor elementor-3120\" data-elementor-post-type=\"page\">\n\t\t\t\t<div class=\"elementor-element elementor-element-dcdc6e7 e-flex e-con-boxed e-con e-parent\" data-id=\"dcdc6e7\" data-element_type=\"container\">\n\t\t\t\t\t<div class=\"e-con-inner\">\n\t\t\t\t<div class=\"elementor-element elementor-element-3b18bb5 elementor-widget elementor-widget-heading\" data-id=\"3b18bb5\" data-element_type=\"widget\" data-widget_type=\"heading.default\">\n\t\t\t\t<div class=\"elementor-widget-container\">\n\t\t\t<h1 class=\"elementor-heading-title elementor-size-default\">IMPRINT<\/h1>\t\t<\/div>\n\t\t\t\t<\/div>\n\t\t<div class=\"elementor-element elementor-element-c678c8f e-con-full e-flex e-con e-child\" data-id=\"c678c8f\" data-element_type=\"container\">\n\t\t\t\t<div class=\"elementor-element elementor-element-964aa2d elementor-widget elementor-widget-text-editor\" data-id=\"964aa2d\" data-element_type=\"widget\" data-widget_type=\"text-editor.default\">\n\t\t\t\t<div class=\"elementor-widget-container\">\n\t\t\t\t\t\t\t<p>We are pleased that you have decided to visit our website and hereby inform you about individual legal issues. First of all, we would like to point out that access to and use of this website is subject to the following terms and conditions, which you accept by accessing and browsing the website without restriction or reservation and without asserting any contrary provisions in other agreements between you and Trivamarca GmbH in this matter. We therefore ask you not to use this website if you do not agree with the terms and conditions.<\/p><p>\u00a0<\/p><p><b>Address and responsibility for the editorial content and offers on this website:<\/b><\/p><p>\u00a0<\/p><p>Trivamarca GmbH, Restelbergstrasse 49, CH-8044 Zurich,<\/p><p>Tel. +41 (0)58 900 75 75, info@trivamarca.com<\/p><p>\u00a0<\/p><p><b>Information on trademarks and copyrights:<\/b><\/p><p>\u00a0<\/p><p>Moonspring\u00ae is a registered trademark of Trivarga AG and is protected by copyright.<br \/>POSITIVELY EGOISTIC\u00ae is a registered trademark of Trivarga AG and is protected by copyright.<\/p><p>\u00a0<\/p><p>\u00a9 2021 Trivamarca GmbH, 8044 Zurich, Switzerland. All rights reserved, in particular the trademark rights of third parties. In addition, the respective international trademark rights of the owners apply to all products distributed by Trivamarca GmbH or manufactured on behalf of a third party. For detailed information on this, please contact Trivamarca GmbH, Trademarks and Copyrights, Restelbergstrasse 49, CH-8044 Zurich. Trivamarca gives no guarantee and accepts no liability that the material shown on the website does not infringe the rights of third parties.<\/p>\t\t\t\t\t\t<\/div>\n\t\t\t\t<\/div>\n\t\t\t\t<\/div>\n\t\t\t\t\t<\/div>\n\t\t\t\t<\/div>\n\t\t\t\t<\/div>","protected":false},"excerpt":{"rendered":"<p>IMPRESSUM Wir freuen uns, dass Sie sich f\u00fcr den Besuch unserer Website entschieden haben und informieren Sie hiermit \u00fcber einzelne Rechtsfragen. Zun\u00e4chst m\u00f6chten wir Sie darauf hinweisen, dass der Zugriff auf und die Nutzung dieser Website den folgenden Bedingungen unterliegt und Sie diese durch den Zugriff und das Browsen auf der Website ohne Einschr\u00e4nkung oder [&hellip;]<\/p>","protected":false},"author":1,"featured_media":6425,"parent":0,"menu_order":0,"comment_status":"closed","ping_status":"closed","template":"","meta":{"footnotes":""},"class_list":["post-3120","page","type-page","status-publish","has-post-thumbnail","hentry"],"aioseo_notices":[],"_links":{"self":[{"href":"https:\/\/staging.planetmoonspring.com\/en\/wp-json\/wp\/v2\/pages\/3120"}],"collection":[{"href":"https:\/\/staging.planetmoonspring.com\/en\/wp-json\/wp\/v2\/pages"}],"about":[{"href":"https:\/\/staging.planetmoonspring.com\/en\/wp-json\/wp\/v2\/types\/page"}],"author":[{"embeddable":true,"href":"https:\/\/staging.planetmoonspring.com\/en\/wp-json\/wp\/v2\/users\/1"}],"replies":[{"embeddable":true,"href":"https:\/\/staging.planetmoonspring.com\/en\/wp-json\/wp\/v2\/comments?post=3120"}],"version-history":[{"count":24,"href":"https:\/\/staging.planetmoonspring.com\/en\/wp-json\/wp\/v2\/pages\/3120\/revisions"}],"predecessor-version":[{"id":5111,"href":"https:\/\/staging.planetmoonspring.com\/en\/wp-json\/wp\/v2\/pages\/3120\/revisions\/5111"}],"wp:featuredmedia":[{"embeddable":true,"href":"https:\/\/staging.planetmoonspring.com\/en\/wp-json\/wp\/v2\/media\/6425"}],"wp:attachment":[{"href":"https:\/\/staging.planetmoonspring.com\/en\/wp-json\/wp\/v2\/media?parent=3120"}],"curies":[{"name":"wp","href":"https:\/\/api.w.org\/{rel}","templated":true}]}}